
{"id":52715,"date":"2024-07-23T13:45:46","date_gmt":"2024-07-23T11:45:46","guid":{"rendered":"https:\/\/4xc.com\/visao-geral-dos-instrumentos\/cfds-de-indices-e-petroleo\/"},"modified":"2025-03-13T12:29:31","modified_gmt":"2025-03-13T10:29:31","slug":"index-cfds-and-oil","status":"publish","type":"page","link":"https:\/\/4xc.com\/pt-br\/instruments\/index-cfds-and-oil\/","title":{"rendered":"CFDs de Indices e Petr\u00f3leo"},"content":{"rendered":"","protected":false},"excerpt":{"rendered":"","protected":false},"author":1,"featured_media":52518,"parent":52709,"menu_order":0,"comment_status":"closed","ping_status":"closed","template":"page-templates\/instruments\/page-index-cfds-oil.php","meta":{"footnotes":""},"class_list":["post-52715","page","type-page","status-publish","has-post-thumbnail","hentry"],"yoast_head":"<!-- This site is optimized with the Yoast SEO plugin v27.4 - https:\/\/yoast.com\/product\/yoast-seo-wordpress\/ -->\n<title>CFDs de \u00edndices e petr\u00f3leo | 4XC<\/title>\n<meta name=\"description\" content=\"A plataforma de negocia\u00e7\u00e3o forex CFD 4XC oferece CFDs para 11 \u00edndices principais e 2 tipos de petr\u00f3leo bruto em todo o mundo. Acesso a todos os principais CFDs de \u00edndices e petr\u00f3leo. Sem mesa de negocia\u00e7\u00e3o.\" \/>\n<meta name=\"robots\" content=\"index, follow, max-snippet:-1, max-image-preview:large, max-video-preview:-1\" \/>\n<link rel=\"canonical\" href=\"https:\/\/4xc.com\/pt-br\/instruments\/index-cfds-and-oil\/\" \/>\n<script type=\"application\/ld+json\" class=\"yoast-schema-graph\">{\"@context\":\"https:\\\/\\\/schema.org\",\"@graph\":[{\"@type\":\"WebPage\",\"@id\":\"https:\\\/\\\/4xc.com\\\/pt-br\\\/instruments\\\/index-cfds-and-oil\\\/\",\"url\":\"https:\\\/\\\/4xc.com\\\/pt-br\\\/instruments\\\/index-cfds-and-oil\\\/\",\"name\":\"CFDs de \u00edndices e petr\u00f3leo | 4XC\",\"isPartOf\":{\"@id\":\"https:\\\/\\\/4xc.com\\\/#website\"},\"primaryImageOfPage\":{\"@id\":\"https:\\\/\\\/4xc.com\\\/pt-br\\\/instruments\\\/index-cfds-and-oil\\\/#primaryimage\"},\"image\":{\"@id\":\"https:\\\/\\\/4xc.com\\\/pt-br\\\/instruments\\\/index-cfds-and-oil\\\/#primaryimage\"},\"thumbnailUrl\":\"https:\\\/\\\/4xc.com\\\/wp-content\\\/uploads\\\/2025\\\/02\\\/INDEX-OIL.png\",\"datePublished\":\"2024-07-23T11:45:46+00:00\",\"dateModified\":\"2025-03-13T10:29:31+00:00\",\"description\":\"A plataforma de negocia\u00e7\u00e3o forex CFD 4XC oferece CFDs para 11 \u00edndices principais e 2 tipos de petr\u00f3leo bruto em todo o mundo. Acesso a todos os principais CFDs de \u00edndices e petr\u00f3leo. Sem mesa de negocia\u00e7\u00e3o.\",\"breadcrumb\":{\"@id\":\"https:\\\/\\\/4xc.com\\\/pt-br\\\/instruments\\\/index-cfds-and-oil\\\/#breadcrumb\"},\"inLanguage\":\"pt-BR\",\"potentialAction\":[{\"@type\":\"ReadAction\",\"target\":[\"https:\\\/\\\/4xc.com\\\/pt-br\\\/instruments\\\/index-cfds-and-oil\\\/\"]}]},{\"@type\":\"ImageObject\",\"inLanguage\":\"pt-BR\",\"@id\":\"https:\\\/\\\/4xc.com\\\/pt-br\\\/instruments\\\/index-cfds-and-oil\\\/#primaryimage\",\"url\":\"https:\\\/\\\/4xc.com\\\/wp-content\\\/uploads\\\/2025\\\/02\\\/INDEX-OIL.png\",\"contentUrl\":\"https:\\\/\\\/4xc.com\\\/wp-content\\\/uploads\\\/2025\\\/02\\\/INDEX-OIL.png\",\"width\":1800,\"height\":945},{\"@type\":\"BreadcrumbList\",\"@id\":\"https:\\\/\\\/4xc.com\\\/pt-br\\\/instruments\\\/index-cfds-and-oil\\\/#breadcrumb\",\"itemListElement\":[{\"@type\":\"ListItem\",\"position\":1,\"name\":\"Home\",\"item\":\"https:\\\/\\\/4xc.com\\\/pt-br\\\/\"},{\"@type\":\"ListItem\",\"position\":2,\"name\":\"Resumo dos Intrumentos\",\"item\":\"https:\\\/\\\/4xc.com\\\/pt-br\\\/instruments\\\/\"},{\"@type\":\"ListItem\",\"position\":3,\"name\":\"CFDs de Indices e Petr\u00f3leo\"}]},{\"@type\":\"WebSite\",\"@id\":\"https:\\\/\\\/4xc.com\\\/#website\",\"url\":\"https:\\\/\\\/4xc.com\\\/\",\"name\":\"4XC\",\"description\":\"Forex Trading\",\"publisher\":{\"@id\":\"https:\\\/\\\/4xc.com\\\/#organization\"},\"potentialAction\":[{\"@type\":\"SearchAction\",\"target\":{\"@type\":\"EntryPoint\",\"urlTemplate\":\"https:\\\/\\\/4xc.com\\\/?s={search_term_string}\"},\"query-input\":{\"@type\":\"PropertyValueSpecification\",\"valueRequired\":true,\"valueName\":\"search_term_string\"}}],\"inLanguage\":\"pt-BR\"},{\"@type\":\"Organization\",\"@id\":\"https:\\\/\\\/4xc.com\\\/#organization\",\"name\":\"4XC\",\"url\":\"https:\\\/\\\/4xc.com\\\/\",\"logo\":{\"@type\":\"ImageObject\",\"inLanguage\":\"pt-BR\",\"@id\":\"https:\\\/\\\/4xc.com\\\/#\\\/schema\\\/logo\\\/image\\\/\",\"url\":\"https:\\\/\\\/4xc.com\\\/wp-content\\\/uploads\\\/2025\\\/02\\\/Homepage.png\",\"contentUrl\":\"https:\\\/\\\/4xc.com\\\/wp-content\\\/uploads\\\/2025\\\/02\\\/Homepage.png\",\"width\":1800,\"height\":945,\"caption\":\"4XC\"},\"image\":{\"@id\":\"https:\\\/\\\/4xc.com\\\/#\\\/schema\\\/logo\\\/image\\\/\"},\"sameAs\":[\"https:\\\/\\\/www.facebook.com\\\/4xcofficial\\\/\",\"https:\\\/\\\/x.com\\\/4xcofficial\",\"https:\\\/\\\/www.youtube.com\\\/channel\\\/UCKZd_2OQEITjDitnS9Kp9iQ\",\"https:\\\/\\\/www.linkedin.com\\\/company\\\/4xcofficial\",\"https:\\\/\\\/www.instagram.com\\\/4xcofficial\\\/\",\"https:\\\/\\\/t.me\\\/EN4XC\"]}]}<\/script>\n<!-- \/ Yoast SEO plugin. -->","yoast_head_json":{"title":"CFDs de \u00edndices e petr\u00f3leo | 4XC","description":"A plataforma de negocia\u00e7\u00e3o forex CFD 4XC oferece CFDs para 11 \u00edndices principais e 2 tipos de petr\u00f3leo bruto em todo o mundo. Acesso a todos os principais CFDs de \u00edndices e petr\u00f3leo. Sem mesa de negocia\u00e7\u00e3o.","robots":{"index":"index","follow":"follow","max-snippet":"max-snippet:-1","max-image-preview":"max-image-preview:large","max-video-preview":"max-video-preview:-1"},"canonical":"https:\/\/4xc.com\/pt-br\/instruments\/index-cfds-and-oil\/","schema":{"@context":"https:\/\/schema.org","@graph":[{"@type":"WebPage","@id":"https:\/\/4xc.com\/pt-br\/instruments\/index-cfds-and-oil\/","url":"https:\/\/4xc.com\/pt-br\/instruments\/index-cfds-and-oil\/","name":"CFDs de \u00edndices e petr\u00f3leo | 4XC","isPartOf":{"@id":"https:\/\/4xc.com\/#website"},"primaryImageOfPage":{"@id":"https:\/\/4xc.com\/pt-br\/instruments\/index-cfds-and-oil\/#primaryimage"},"image":{"@id":"https:\/\/4xc.com\/pt-br\/instruments\/index-cfds-and-oil\/#primaryimage"},"thumbnailUrl":"https:\/\/4xc.com\/wp-content\/uploads\/2025\/02\/INDEX-OIL.png","datePublished":"2024-07-23T11:45:46+00:00","dateModified":"2025-03-13T10:29:31+00:00","description":"A plataforma de negocia\u00e7\u00e3o forex CFD 4XC oferece CFDs para 11 \u00edndices principais e 2 tipos de petr\u00f3leo bruto em todo o mundo. Acesso a todos os principais CFDs de \u00edndices e petr\u00f3leo. Sem mesa de negocia\u00e7\u00e3o.","breadcrumb":{"@id":"https:\/\/4xc.com\/pt-br\/instruments\/index-cfds-and-oil\/#breadcrumb"},"inLanguage":"pt-BR","potentialAction":[{"@type":"ReadAction","target":["https:\/\/4xc.com\/pt-br\/instruments\/index-cfds-and-oil\/"]}]},{"@type":"ImageObject","inLanguage":"pt-BR","@id":"https:\/\/4xc.com\/pt-br\/instruments\/index-cfds-and-oil\/#primaryimage","url":"https:\/\/4xc.com\/wp-content\/uploads\/2025\/02\/INDEX-OIL.png","contentUrl":"https:\/\/4xc.com\/wp-content\/uploads\/2025\/02\/INDEX-OIL.png","width":1800,"height":945},{"@type":"BreadcrumbList","@id":"https:\/\/4xc.com\/pt-br\/instruments\/index-cfds-and-oil\/#breadcrumb","itemListElement":[{"@type":"ListItem","position":1,"name":"Home","item":"https:\/\/4xc.com\/pt-br\/"},{"@type":"ListItem","position":2,"name":"Resumo dos Intrumentos","item":"https:\/\/4xc.com\/pt-br\/instruments\/"},{"@type":"ListItem","position":3,"name":"CFDs de Indices e Petr\u00f3leo"}]},{"@type":"WebSite","@id":"https:\/\/4xc.com\/#website","url":"https:\/\/4xc.com\/","name":"4XC","description":"Forex Trading","publisher":{"@id":"https:\/\/4xc.com\/#organization"},"potentialAction":[{"@type":"SearchAction","target":{"@type":"EntryPoint","urlTemplate":"https:\/\/4xc.com\/?s={search_term_string}"},"query-input":{"@type":"PropertyValueSpecification","valueRequired":true,"valueName":"search_term_string"}}],"inLanguage":"pt-BR"},{"@type":"Organization","@id":"https:\/\/4xc.com\/#organization","name":"4XC","url":"https:\/\/4xc.com\/","logo":{"@type":"ImageObject","inLanguage":"pt-BR","@id":"https:\/\/4xc.com\/#\/schema\/logo\/image\/","url":"https:\/\/4xc.com\/wp-content\/uploads\/2025\/02\/Homepage.png","contentUrl":"https:\/\/4xc.com\/wp-content\/uploads\/2025\/02\/Homepage.png","width":1800,"height":945,"caption":"4XC"},"image":{"@id":"https:\/\/4xc.com\/#\/schema\/logo\/image\/"},"sameAs":["https:\/\/www.facebook.com\/4xcofficial\/","https:\/\/x.com\/4xcofficial","https:\/\/www.youtube.com\/channel\/UCKZd_2OQEITjDitnS9Kp9iQ","https:\/\/www.linkedin.com\/company\/4xcofficial","https:\/\/www.instagram.com\/4xcofficial\/","https:\/\/t.me\/EN4XC"]}]}},"_links":{"self":[{"href":"https:\/\/4xc.com\/pt-br\/wp-json\/wp\/v2\/pages\/52715","targetHints":{"allow":["GET"]}}],"collection":[{"href":"https:\/\/4xc.com\/pt-br\/wp-json\/wp\/v2\/pages"}],"about":[{"href":"https:\/\/4xc.com\/pt-br\/wp-json\/wp\/v2\/types\/page"}],"author":[{"embeddable":true,"href":"https:\/\/4xc.com\/pt-br\/wp-json\/wp\/v2\/users\/1"}],"replies":[{"embeddable":true,"href":"https:\/\/4xc.com\/pt-br\/wp-json\/wp\/v2\/comments?post=52715"}],"version-history":[{"count":0,"href":"https:\/\/4xc.com\/pt-br\/wp-json\/wp\/v2\/pages\/52715\/revisions"}],"up":[{"embeddable":true,"href":"https:\/\/4xc.com\/pt-br\/wp-json\/wp\/v2\/pages\/52709"}],"wp:featuredmedia":[{"embeddable":true,"href":"https:\/\/4xc.com\/pt-br\/wp-json\/wp\/v2\/media\/52518"}],"wp:attachment":[{"href":"https:\/\/4xc.com\/pt-br\/wp-json\/wp\/v2\/media?parent=52715"}],"curies":[{"name":"wp","href":"https:\/\/api.w.org\/{rel}","templated":true}]}}