
{"id":52609,"date":"2024-07-23T13:45:46","date_gmt":"2024-07-23T10:45:46","guid":{"rendered":"https:\/\/4xc.com\/visao-geral-das-contas\/conta-vip\/"},"modified":"2026-01-07T13:40:47","modified_gmt":"2026-01-07T10:40:47","slug":"vip","status":"publish","type":"page","link":"https:\/\/4xc.com\/pt-br\/accounts\/vip\/","title":{"rendered":"Conta VIP"},"content":{"rendered":"","protected":false},"excerpt":{"rendered":"","protected":false},"author":1,"featured_media":52574,"parent":52595,"menu_order":0,"comment_status":"closed","ping_status":"closed","template":"page-templates\/accounts\/vip-account.php","meta":{"footnotes":""},"class_list":["post-52609","page","type-page","status-publish","has-post-thumbnail","hentry"],"yoast_head":"<!-- This site is optimized with the Yoast SEO plugin v27.3 - https:\/\/yoast.com\/product\/yoast-seo-wordpress\/ -->\n<title>Conta VIP | 4XC<\/title>\n<meta name=\"description\" content=\"As contas VIP s\u00e3o acess\u00edveis a pessoas com alto patrim\u00f4nio l\u00edquido que desejam expandir sua experi\u00eancia de negocia\u00e7\u00e3o com as melhores condi\u00e7\u00f5es poss\u00edveis.\" \/>\n<meta name=\"robots\" content=\"index, follow, max-snippet:-1, max-image-preview:large, max-video-preview:-1\" \/>\n<link rel=\"canonical\" href=\"https:\/\/4xc.com\/pt-br\/accounts\/vip\/\" \/>\n<script type=\"application\/ld+json\" class=\"yoast-schema-graph\">{\"@context\":\"https:\\\/\\\/schema.org\",\"@graph\":[{\"@type\":\"WebPage\",\"@id\":\"https:\\\/\\\/4xc.com\\\/pt-br\\\/accounts\\\/vip\\\/\",\"url\":\"https:\\\/\\\/4xc.com\\\/pt-br\\\/accounts\\\/vip\\\/\",\"name\":\"Conta VIP | 4XC\",\"isPartOf\":{\"@id\":\"https:\\\/\\\/4xc.com\\\/#website\"},\"primaryImageOfPage\":{\"@id\":\"https:\\\/\\\/4xc.com\\\/pt-br\\\/accounts\\\/vip\\\/#primaryimage\"},\"image\":{\"@id\":\"https:\\\/\\\/4xc.com\\\/pt-br\\\/accounts\\\/vip\\\/#primaryimage\"},\"thumbnailUrl\":\"https:\\\/\\\/4xc.com\\\/wp-content\\\/uploads\\\/2025\\\/02\\\/VIP-Account.png\",\"datePublished\":\"2024-07-23T10:45:46+00:00\",\"dateModified\":\"2026-01-07T10:40:47+00:00\",\"description\":\"As contas VIP s\u00e3o acess\u00edveis a pessoas com alto patrim\u00f4nio l\u00edquido que desejam expandir sua experi\u00eancia de negocia\u00e7\u00e3o com as melhores condi\u00e7\u00f5es poss\u00edveis.\",\"breadcrumb\":{\"@id\":\"https:\\\/\\\/4xc.com\\\/pt-br\\\/accounts\\\/vip\\\/#breadcrumb\"},\"inLanguage\":\"pt-BR\",\"potentialAction\":[{\"@type\":\"ReadAction\",\"target\":[\"https:\\\/\\\/4xc.com\\\/pt-br\\\/accounts\\\/vip\\\/\"]}]},{\"@type\":\"ImageObject\",\"inLanguage\":\"pt-BR\",\"@id\":\"https:\\\/\\\/4xc.com\\\/pt-br\\\/accounts\\\/vip\\\/#primaryimage\",\"url\":\"https:\\\/\\\/4xc.com\\\/wp-content\\\/uploads\\\/2025\\\/02\\\/VIP-Account.png\",\"contentUrl\":\"https:\\\/\\\/4xc.com\\\/wp-content\\\/uploads\\\/2025\\\/02\\\/VIP-Account.png\",\"width\":1800,\"height\":945},{\"@type\":\"BreadcrumbList\",\"@id\":\"https:\\\/\\\/4xc.com\\\/pt-br\\\/accounts\\\/vip\\\/#breadcrumb\",\"itemListElement\":[{\"@type\":\"ListItem\",\"position\":1,\"name\":\"Home\",\"item\":\"https:\\\/\\\/4xc.com\\\/pt-br\\\/\"},{\"@type\":\"ListItem\",\"position\":2,\"name\":\"Vis\u00e3o Geral das Contas\",\"item\":\"https:\\\/\\\/4xc.com\\\/pt-br\\\/accounts\\\/\"},{\"@type\":\"ListItem\",\"position\":3,\"name\":\"Conta VIP\"}]},{\"@type\":\"WebSite\",\"@id\":\"https:\\\/\\\/4xc.com\\\/#website\",\"url\":\"https:\\\/\\\/4xc.com\\\/\",\"name\":\"4XC\",\"description\":\"Forex Trading\",\"publisher\":{\"@id\":\"https:\\\/\\\/4xc.com\\\/#organization\"},\"potentialAction\":[{\"@type\":\"SearchAction\",\"target\":{\"@type\":\"EntryPoint\",\"urlTemplate\":\"https:\\\/\\\/4xc.com\\\/?s={search_term_string}\"},\"query-input\":{\"@type\":\"PropertyValueSpecification\",\"valueRequired\":true,\"valueName\":\"search_term_string\"}}],\"inLanguage\":\"pt-BR\"},{\"@type\":\"Organization\",\"@id\":\"https:\\\/\\\/4xc.com\\\/#organization\",\"name\":\"4XC\",\"url\":\"https:\\\/\\\/4xc.com\\\/\",\"logo\":{\"@type\":\"ImageObject\",\"inLanguage\":\"pt-BR\",\"@id\":\"https:\\\/\\\/4xc.com\\\/#\\\/schema\\\/logo\\\/image\\\/\",\"url\":\"https:\\\/\\\/4xc.com\\\/wp-content\\\/uploads\\\/2025\\\/02\\\/Homepage.png\",\"contentUrl\":\"https:\\\/\\\/4xc.com\\\/wp-content\\\/uploads\\\/2025\\\/02\\\/Homepage.png\",\"width\":1800,\"height\":945,\"caption\":\"4XC\"},\"image\":{\"@id\":\"https:\\\/\\\/4xc.com\\\/#\\\/schema\\\/logo\\\/image\\\/\"},\"sameAs\":[\"https:\\\/\\\/www.facebook.com\\\/4xcofficial\\\/\",\"https:\\\/\\\/x.com\\\/4xcofficial\",\"https:\\\/\\\/www.youtube.com\\\/channel\\\/UCKZd_2OQEITjDitnS9Kp9iQ\",\"https:\\\/\\\/www.linkedin.com\\\/company\\\/4xcofficial\",\"https:\\\/\\\/www.instagram.com\\\/4xcofficial\\\/\",\"https:\\\/\\\/t.me\\\/EN4XC\"]}]}<\/script>\n<!-- \/ Yoast SEO plugin. -->","yoast_head_json":{"title":"Conta VIP | 4XC","description":"As contas VIP s\u00e3o acess\u00edveis a pessoas com alto patrim\u00f4nio l\u00edquido que desejam expandir sua experi\u00eancia de negocia\u00e7\u00e3o com as melhores condi\u00e7\u00f5es poss\u00edveis.","robots":{"index":"index","follow":"follow","max-snippet":"max-snippet:-1","max-image-preview":"max-image-preview:large","max-video-preview":"max-video-preview:-1"},"canonical":"https:\/\/4xc.com\/pt-br\/accounts\/vip\/","schema":{"@context":"https:\/\/schema.org","@graph":[{"@type":"WebPage","@id":"https:\/\/4xc.com\/pt-br\/accounts\/vip\/","url":"https:\/\/4xc.com\/pt-br\/accounts\/vip\/","name":"Conta VIP | 4XC","isPartOf":{"@id":"https:\/\/4xc.com\/#website"},"primaryImageOfPage":{"@id":"https:\/\/4xc.com\/pt-br\/accounts\/vip\/#primaryimage"},"image":{"@id":"https:\/\/4xc.com\/pt-br\/accounts\/vip\/#primaryimage"},"thumbnailUrl":"https:\/\/4xc.com\/wp-content\/uploads\/2025\/02\/VIP-Account.png","datePublished":"2024-07-23T10:45:46+00:00","dateModified":"2026-01-07T10:40:47+00:00","description":"As contas VIP s\u00e3o acess\u00edveis a pessoas com alto patrim\u00f4nio l\u00edquido que desejam expandir sua experi\u00eancia de negocia\u00e7\u00e3o com as melhores condi\u00e7\u00f5es poss\u00edveis.","breadcrumb":{"@id":"https:\/\/4xc.com\/pt-br\/accounts\/vip\/#breadcrumb"},"inLanguage":"pt-BR","potentialAction":[{"@type":"ReadAction","target":["https:\/\/4xc.com\/pt-br\/accounts\/vip\/"]}]},{"@type":"ImageObject","inLanguage":"pt-BR","@id":"https:\/\/4xc.com\/pt-br\/accounts\/vip\/#primaryimage","url":"https:\/\/4xc.com\/wp-content\/uploads\/2025\/02\/VIP-Account.png","contentUrl":"https:\/\/4xc.com\/wp-content\/uploads\/2025\/02\/VIP-Account.png","width":1800,"height":945},{"@type":"BreadcrumbList","@id":"https:\/\/4xc.com\/pt-br\/accounts\/vip\/#breadcrumb","itemListElement":[{"@type":"ListItem","position":1,"name":"Home","item":"https:\/\/4xc.com\/pt-br\/"},{"@type":"ListItem","position":2,"name":"Vis\u00e3o Geral das Contas","item":"https:\/\/4xc.com\/pt-br\/accounts\/"},{"@type":"ListItem","position":3,"name":"Conta VIP"}]},{"@type":"WebSite","@id":"https:\/\/4xc.com\/#website","url":"https:\/\/4xc.com\/","name":"4XC","description":"Forex Trading","publisher":{"@id":"https:\/\/4xc.com\/#organization"},"potentialAction":[{"@type":"SearchAction","target":{"@type":"EntryPoint","urlTemplate":"https:\/\/4xc.com\/?s={search_term_string}"},"query-input":{"@type":"PropertyValueSpecification","valueRequired":true,"valueName":"search_term_string"}}],"inLanguage":"pt-BR"},{"@type":"Organization","@id":"https:\/\/4xc.com\/#organization","name":"4XC","url":"https:\/\/4xc.com\/","logo":{"@type":"ImageObject","inLanguage":"pt-BR","@id":"https:\/\/4xc.com\/#\/schema\/logo\/image\/","url":"https:\/\/4xc.com\/wp-content\/uploads\/2025\/02\/Homepage.png","contentUrl":"https:\/\/4xc.com\/wp-content\/uploads\/2025\/02\/Homepage.png","width":1800,"height":945,"caption":"4XC"},"image":{"@id":"https:\/\/4xc.com\/#\/schema\/logo\/image\/"},"sameAs":["https:\/\/www.facebook.com\/4xcofficial\/","https:\/\/x.com\/4xcofficial","https:\/\/www.youtube.com\/channel\/UCKZd_2OQEITjDitnS9Kp9iQ","https:\/\/www.linkedin.com\/company\/4xcofficial","https:\/\/www.instagram.com\/4xcofficial\/","https:\/\/t.me\/EN4XC"]}]}},"_links":{"self":[{"href":"https:\/\/4xc.com\/pt-br\/wp-json\/wp\/v2\/pages\/52609","targetHints":{"allow":["GET"]}}],"collection":[{"href":"https:\/\/4xc.com\/pt-br\/wp-json\/wp\/v2\/pages"}],"about":[{"href":"https:\/\/4xc.com\/pt-br\/wp-json\/wp\/v2\/types\/page"}],"author":[{"embeddable":true,"href":"https:\/\/4xc.com\/pt-br\/wp-json\/wp\/v2\/users\/1"}],"replies":[{"embeddable":true,"href":"https:\/\/4xc.com\/pt-br\/wp-json\/wp\/v2\/comments?post=52609"}],"version-history":[{"count":0,"href":"https:\/\/4xc.com\/pt-br\/wp-json\/wp\/v2\/pages\/52609\/revisions"}],"up":[{"embeddable":true,"href":"https:\/\/4xc.com\/pt-br\/wp-json\/wp\/v2\/pages\/52595"}],"wp:featuredmedia":[{"embeddable":true,"href":"https:\/\/4xc.com\/pt-br\/wp-json\/wp\/v2\/media\/52574"}],"wp:attachment":[{"href":"https:\/\/4xc.com\/pt-br\/wp-json\/wp\/v2\/media?parent=52609"}],"curies":[{"name":"wp","href":"https:\/\/api.w.org\/{rel}","templated":true}]}}